{"id":32,"date":"2012-03-19T17:34:37","date_gmt":"2012-03-19T17:34:37","guid":{"rendered":"http:\/\/mallol.com.ar\/home\/?page_id=32"},"modified":"2012-05-07T19:03:18","modified_gmt":"2012-05-07T19:03:18","slug":"guarniciones-para-bidones-dispenser","status":"publish","type":"page","link":"https:\/\/mallol.com.ar\/home\/productos\/guarniciones-para-bidones-dispenser\/","title":{"rendered":"Juntas para Bidones de Agua"},"content":{"rendered":"<p>Gracias a su formula exclusiva certificada por el INAL, nuestras juntas no contaminan ni alteran las propiedades Naturales del Agua. Permitiendo as\u00ed la conservaci\u00f3n de un producto puro y saludable.<\/p>\n<p>Formatos de presentaci\u00f3n: Rollos \u2013 Discos \u2013 Arandelas<\/p>\n<p><img loading=\"lazy\" decoding=\"async\" class=\"alignnone size-full wp-image-105\" style=\"border-style: initial; border-color: initial; border-image: initial; border-width: 0px; margin: 0px;\" title=\"Guarniciones para Bidones dispenser\" src=\"https:\/\/mallol.com.ar\/home\/wp-content\/uploads\/2012\/03\/Guarniciones-para-Bidones-dispenser.jpg\" alt=\"\" width=\"544\" height=\"170\" srcset=\"https:\/\/mallol.com.ar\/home\/wp-content\/uploads\/2012\/03\/Guarniciones-para-Bidones-dispenser.jpg 544w, https:\/\/mallol.com.ar\/home\/wp-content\/uploads\/2012\/03\/Guarniciones-para-Bidones-dispenser-300x93.jpg 300w\" sizes=\"auto, (max-width: 544px) 100vw, 544px\" \/><\/p>\n","protected":false},"excerpt":{"rendered":"<p>Gracias a su formula exclusiva certificada por el INAL, nuestras juntas no contaminan ni alteran las propiedades Naturales del Agua. Permitiendo as\u00ed la conservaci\u00f3n de un producto puro y saludable. Formatos de presentaci\u00f3n: Rollos \u2013 Discos \u2013 Arandelas<\/p>\n","protected":false},"author":1,"featured_media":0,"parent":14,"menu_order":4,"comment_status":"open","ping_status":"open","template":"","meta":{"footnotes":""},"class_list":["post-32","page","type-page","status-publish","hentry"],"aioseo_notices":[],"_links":{"self":[{"href":"https:\/\/mallol.com.ar\/home\/wp-json\/wp\/v2\/pages\/32","targetHints":{"allow":["GET"]}}],"collection":[{"href":"https:\/\/mallol.com.ar\/home\/wp-json\/wp\/v2\/pages"}],"about":[{"href":"https:\/\/mallol.com.ar\/home\/wp-json\/wp\/v2\/types\/page"}],"author":[{"embeddable":true,"href":"https:\/\/mallol.com.ar\/home\/wp-json\/wp\/v2\/users\/1"}],"replies":[{"embeddable":true,"href":"https:\/\/mallol.com.ar\/home\/wp-json\/wp\/v2\/comments?post=32"}],"version-history":[{"count":9,"href":"https:\/\/mallol.com.ar\/home\/wp-json\/wp\/v2\/pages\/32\/revisions"}],"predecessor-version":[{"id":90,"href":"https:\/\/mallol.com.ar\/home\/wp-json\/wp\/v2\/pages\/32\/revisions\/90"}],"up":[{"embeddable":true,"href":"https:\/\/mallol.com.ar\/home\/wp-json\/wp\/v2\/pages\/14"}],"wp:attachment":[{"href":"https:\/\/mallol.com.ar\/home\/wp-json\/wp\/v2\/media?parent=32"}],"curies":[{"name":"wp","href":"https:\/\/api.w.org\/{rel}","templated":true}]}}