{"id":27,"date":"2012-03-19T17:32:36","date_gmt":"2012-03-19T17:32:36","guid":{"rendered":"http:\/\/mallol.com.ar\/home\/?page_id=27"},"modified":"2012-05-07T17:01:29","modified_gmt":"2012-05-07T17:01:29","slug":"dos-piezas","status":"publish","type":"page","link":"https:\/\/mallol.com.ar\/home\/productos\/sellos-de-induccion\/dos-piezas\/","title":{"rendered":"Dos Piezas"},"content":{"rendered":"<p>Es un material espec\u00edfico para envases con tapa a rosca de fondo ciego, que mediante el proceso de inducci\u00f3n permite sellar la boca del envase con un foil de aluminio y dejar un sustrato (cart\u00f3n blanco) en la tapa que despu\u00e9s de abierto el envase asegura un cierre herm\u00e9tico anti-derrame.<\/p>\n<p>Se utiliza en envases de: PE \/ PP \/ PET \/ PVC y vidrio.<\/p>\n<p><img loading=\"lazy\" decoding=\"async\" class=\"alignnone size-full wp-image-111\" style=\"border-style: initial; border-color: initial; border-image: initial; border-width: 0px; margin: 0px;\" title=\"Sellos de inducci\u00f3n dos piezas\" src=\"https:\/\/mallol.com.ar\/home\/wp-content\/uploads\/2012\/03\/Sellos-de-induccion-dos-piezas.jpg\" alt=\"\" width=\"544\" height=\"170\" srcset=\"https:\/\/mallol.com.ar\/home\/wp-content\/uploads\/2012\/03\/Sellos-de-induccion-dos-piezas.jpg 544w, https:\/\/mallol.com.ar\/home\/wp-content\/uploads\/2012\/03\/Sellos-de-induccion-dos-piezas-300x93.jpg 300w\" sizes=\"auto, (max-width: 544px) 100vw, 544px\" \/><\/p>\n","protected":false},"excerpt":{"rendered":"<p>Es un material espec\u00edfico para envases con tapa a rosca de fondo ciego, que mediante el proceso de inducci\u00f3n permite sellar la boca del envase con un foil de aluminio y dejar un sustrato (cart\u00f3n blanco) en la tapa que despu\u00e9s de abierto el envase asegura un cierre herm\u00e9tico anti-derrame. Se utiliza en envases de: [&hellip;]<\/p>\n","protected":false},"author":1,"featured_media":0,"parent":23,"menu_order":2,"comment_status":"open","ping_status":"open","template":"","meta":{"footnotes":""},"class_list":["post-27","page","type-page","status-publish","hentry"],"aioseo_notices":[],"_links":{"self":[{"href":"https:\/\/mallol.com.ar\/home\/wp-json\/wp\/v2\/pages\/27","targetHints":{"allow":["GET"]}}],"collection":[{"href":"https:\/\/mallol.com.ar\/home\/wp-json\/wp\/v2\/pages"}],"about":[{"href":"https:\/\/mallol.com.ar\/home\/wp-json\/wp\/v2\/types\/page"}],"author":[{"embeddable":true,"href":"https:\/\/mallol.com.ar\/home\/wp-json\/wp\/v2\/users\/1"}],"replies":[{"embeddable":true,"href":"https:\/\/mallol.com.ar\/home\/wp-json\/wp\/v2\/comments?post=27"}],"version-history":[{"count":10,"href":"https:\/\/mallol.com.ar\/home\/wp-json\/wp\/v2\/pages\/27\/revisions"}],"predecessor-version":[{"id":113,"href":"https:\/\/mallol.com.ar\/home\/wp-json\/wp\/v2\/pages\/27\/revisions\/113"}],"up":[{"embeddable":true,"href":"https:\/\/mallol.com.ar\/home\/wp-json\/wp\/v2\/pages\/23"}],"wp:attachment":[{"href":"https:\/\/mallol.com.ar\/home\/wp-json\/wp\/v2\/media?parent=27"}],"curies":[{"name":"wp","href":"https:\/\/api.w.org\/{rel}","templated":true}]}}