{"id":23,"date":"2012-03-19T17:31:51","date_gmt":"2012-03-19T17:31:51","guid":{"rendered":"http:\/\/mallol.com.ar\/home\/?page_id=23"},"modified":"2012-05-07T18:32:49","modified_gmt":"2012-05-07T18:32:49","slug":"sellos-de-induccion","status":"publish","type":"page","link":"https:\/\/mallol.com.ar\/home\/productos\/sellos-de-induccion\/","title":{"rendered":"Sellos de inducci\u00f3n"},"content":{"rendered":"<p>Los sellos de inducci\u00f3n son utilizados como barrera inviolable para el producto que contiene el envase, impidiendo que l\u00edquidos \u00f3 s\u00f3lidos fuguen o se derramen, conservando entonces sus caracter\u00edsticas de fabricaci\u00f3n. Adem\u00e1s no permiten la contaminaci\u00f3n o penetraci\u00f3n desde el medio ambiente hacia el interior del envase.<br \/>\nEstos Liners son utilizados por empresas de alimentos, cosm\u00e9tica, agroqu\u00edmicos, aceites lubricantes, farmacia, etc.<br \/>\nNuestros materiales de inducci\u00f3n cuentan con certificaci\u00f3n del INAL y cada uno dispone de su hoja t\u00e9cnica o especificaci\u00f3n correspondiente.<\/p>\n<p>Formatos de presentaci\u00f3n:<\/p>\n<table width=\"100%\" border=\"0\" cellspacing=\"0\" cellpadding=\"0\">\n<tbody>\n<tr>\n<td width=\"237\">\u00a0<a href=\"https:\/\/mallol.com.ar\/home\/productos\/sellos-de-induccion\/una-pieza\/\"><img loading=\"lazy\" decoding=\"async\" class=\"alignright\" style=\"border-style: initial; border-color: initial; border-image: initial; border-width: 0px; margin: 0px;\" title=\"Sellos de inducci\u00f3n una pieza\" src=\"https:\/\/mallol.com.ar\/home\/wp-content\/uploads\/2012\/03\/b-una-pieza.jpg\" alt=\"\" width=\"143\" height=\"24\" \/><\/a><\/td>\n<td width=\"20\"><\/td>\n<td><a href=\"https:\/\/mallol.com.ar\/home\/productos\/sellos-de-induccion\/dos-piezas\/\"><img loading=\"lazy\" decoding=\"async\" style=\"border-style: initial; border-color: initial; border-image: initial; border-width: 0px; margin: 0px;\" title=\"Sellos de inducci\u00f3n dos piezas\" src=\"https:\/\/mallol.com.ar\/home\/wp-content\/uploads\/2012\/03\/b-dos-piezas.jpg\" alt=\"\" width=\"143\" height=\"24\" \/><\/a><\/td>\n<\/tr>\n<\/tbody>\n<\/table>\n","protected":false},"excerpt":{"rendered":"<p>Los sellos de inducci\u00f3n son utilizados como barrera inviolable para el producto que contiene el envase, impidiendo que l\u00edquidos \u00f3 s\u00f3lidos fuguen o se derramen, conservando entonces sus caracter\u00edsticas de fabricaci\u00f3n. Adem\u00e1s no permiten la contaminaci\u00f3n o penetraci\u00f3n desde el medio ambiente hacia el interior del envase. Estos Liners son utilizados por empresas de alimentos, [&hellip;]<\/p>\n","protected":false},"author":1,"featured_media":0,"parent":14,"menu_order":2,"comment_status":"open","ping_status":"open","template":"","meta":{"footnotes":""},"class_list":["post-23","page","type-page","status-publish","hentry"],"aioseo_notices":[],"_links":{"self":[{"href":"https:\/\/mallol.com.ar\/home\/wp-json\/wp\/v2\/pages\/23","targetHints":{"allow":["GET"]}}],"collection":[{"href":"https:\/\/mallol.com.ar\/home\/wp-json\/wp\/v2\/pages"}],"about":[{"href":"https:\/\/mallol.com.ar\/home\/wp-json\/wp\/v2\/types\/page"}],"author":[{"embeddable":true,"href":"https:\/\/mallol.com.ar\/home\/wp-json\/wp\/v2\/users\/1"}],"replies":[{"embeddable":true,"href":"https:\/\/mallol.com.ar\/home\/wp-json\/wp\/v2\/comments?post=23"}],"version-history":[{"count":19,"href":"https:\/\/mallol.com.ar\/home\/wp-json\/wp\/v2\/pages\/23\/revisions"}],"predecessor-version":[{"id":116,"href":"https:\/\/mallol.com.ar\/home\/wp-json\/wp\/v2\/pages\/23\/revisions\/116"}],"up":[{"embeddable":true,"href":"https:\/\/mallol.com.ar\/home\/wp-json\/wp\/v2\/pages\/14"}],"wp:attachment":[{"href":"https:\/\/mallol.com.ar\/home\/wp-json\/wp\/v2\/media?parent=23"}],"curies":[{"name":"wp","href":"https:\/\/api.w.org\/{rel}","templated":true}]}}