{"id":2,"date":"2012-03-19T09:38:53","date_gmt":"2012-03-19T09:38:53","guid":{"rendered":"http:\/\/mallol.com.ar\/home\/?page_id=2"},"modified":"2019-09-06T18:10:52","modified_gmt":"2019-09-06T18:10:52","slug":"home","status":"publish","type":"page","link":"https:\/\/mallol.com.ar\/home\/","title":{"rendered":"Home"},"content":{"rendered":"<table width=\"545\" border=\"0\" cellspacing=\"0\" cellpadding=\"0\">\n<tbody>\n<tr>\n<td colspan=\"2\" align=\"left\" valign=\"top\">Fundada en 1935, Mallol Hnos. SA. se dedica a la fabricaci\u00f3n de juntas para tapas de envases; actualmente en Polietileno Expandido y Sellado por Inducci\u00f3n.En 1960 desarrolla la primera l\u00ednea de producci\u00f3n en el pa\u00eds capaz de recubrir, por extrusi\u00f3n directa (coating), papeles, cartulinas, telas y aluminios con polietileno, para envases flexibles termosellables.<\/td>\n<\/tr>\n<tr>\n<td align=\"left\" valign=\"top\">Con la gran experiencia y calidad desarrollada a lo largo del tiempo y cumpliendo con su compromiso de buscar la excelencia; en el a\u00f1o 2007 certifica:Normas ISO 9001-2000, que luego actualiza a Normas ISO 9001-2015.<\/td>\n<td align=\"center\" valign=\"center\"><img loading=\"lazy\" decoding=\"async\" src=\"https:\/\/mallol.com.ar\/home\/wp-content\/uploads\/2017\/08\/logo-iram-iqnet1.jpg\" alt=\"Iram - IQnet\" width=\"187\" height=\"172\" \/><\/td>\n<\/tr>\n<\/tbody>\n<\/table>\n","protected":false},"excerpt":{"rendered":"<p>Fundada en 1935, Mallol Hnos. SA. se dedica a la fabricaci\u00f3n de juntas para tapas de envases; actualmente en Polietileno Expandido y Sellado por Inducci\u00f3n.En 1960 desarrolla la primera l\u00ednea de producci\u00f3n en el pa\u00eds capaz de recubrir, por extrusi\u00f3n directa (coating), papeles, cartulinas, telas y aluminios con polietileno, para envases flexibles termosellables. Con la [&hellip;]<\/p>\n","protected":false},"author":1,"featured_media":0,"parent":0,"menu_order":0,"comment_status":"open","ping_status":"open","template":"","meta":{"footnotes":""},"class_list":["post-2","page","type-page","status-publish","hentry"],"aioseo_notices":[],"_links":{"self":[{"href":"https:\/\/mallol.com.ar\/home\/wp-json\/wp\/v2\/pages\/2","targetHints":{"allow":["GET"]}}],"collection":[{"href":"https:\/\/mallol.com.ar\/home\/wp-json\/wp\/v2\/pages"}],"about":[{"href":"https:\/\/mallol.com.ar\/home\/wp-json\/wp\/v2\/types\/page"}],"author":[{"embeddable":true,"href":"https:\/\/mallol.com.ar\/home\/wp-json\/wp\/v2\/users\/1"}],"replies":[{"embeddable":true,"href":"https:\/\/mallol.com.ar\/home\/wp-json\/wp\/v2\/comments?post=2"}],"version-history":[{"count":31,"href":"https:\/\/mallol.com.ar\/home\/wp-json\/wp\/v2\/pages\/2\/revisions"}],"predecessor-version":[{"id":192,"href":"https:\/\/mallol.com.ar\/home\/wp-json\/wp\/v2\/pages\/2\/revisions\/192"}],"wp:attachment":[{"href":"https:\/\/mallol.com.ar\/home\/wp-json\/wp\/v2\/media?parent=2"}],"curies":[{"name":"wp","href":"https:\/\/api.w.org\/{rel}","templated":true}]}}