{"id":16,"date":"2012-03-19T17:28:02","date_gmt":"2012-03-19T17:28:02","guid":{"rendered":"http:\/\/mallol.com.ar\/home\/?page_id=16"},"modified":"2012-05-04T18:51:11","modified_gmt":"2012-05-04T18:51:11","slug":"guarniciones-de-polietileno-expandido","status":"publish","type":"page","link":"https:\/\/mallol.com.ar\/home\/productos\/guarniciones-de-polietileno-expandido\/","title":{"rendered":"Juntas de polietileno expandido"},"content":{"rendered":"<p>Nuestro polietileno expandido, est\u00e1 conformado por un espumado de celda cerrada revestido en ambas caras con film de polietileno de baja densidad.<\/p>\n<p>Al ser un material esponjoso y maleable se adapta perfectamente al fondo interior de la tapa. Cuando se produce el torque, el material cierra herm\u00e9ticamente la boca del envase, impidiendo la migraci\u00f3n de l\u00edquidos o s\u00f3lidos.<\/p>\n<p>Lo utilizan entre otras, empresas de alimentos, cosm\u00e9tica y farmacia.<\/p>\n<p>Nuestras juntas y rollos se fabrican en distintos espesores y di\u00e1metros.<\/p>\n<p>Las mismas son troqueladas por personal t\u00e9cnico especializado, bajo las mas rigurosas normas de calidad e higiene; para que nuestros clientes est\u00e9n seguros de recibir un producto a su medida.<\/p>\n<p>Nuestro material est\u00e1 certificado por el INAL y dispone de su hoja t\u00e9cnica correspondiente.<\/p>\n<p>&nbsp;<\/p>\n<p><img loading=\"lazy\" decoding=\"async\" class=\"alignnone size-full wp-image-101\" style=\"border-style: initial; border-color: initial; border-image: initial; border-width: 0px; margin: 0px;\" title=\"Guarniciones de polietileno expandido\" src=\"https:\/\/mallol.com.ar\/home\/wp-content\/uploads\/2012\/03\/Guarniciones-de-polietileno-expandido.jpg\" alt=\"\" width=\"544\" height=\"170\" srcset=\"https:\/\/mallol.com.ar\/home\/wp-content\/uploads\/2012\/03\/Guarniciones-de-polietileno-expandido.jpg 544w, https:\/\/mallol.com.ar\/home\/wp-content\/uploads\/2012\/03\/Guarniciones-de-polietileno-expandido-300x93.jpg 300w\" sizes=\"auto, (max-width: 544px) 100vw, 544px\" \/><\/p>\n","protected":false},"excerpt":{"rendered":"<p>Nuestro polietileno expandido, est\u00e1 conformado por un espumado de celda cerrada revestido en ambas caras con film de polietileno de baja densidad. Al ser un material esponjoso y maleable se adapta perfectamente al fondo interior de la tapa. Cuando se produce el torque, el material cierra herm\u00e9ticamente la boca del envase, impidiendo la migraci\u00f3n de [&hellip;]<\/p>\n","protected":false},"author":1,"featured_media":0,"parent":14,"menu_order":1,"comment_status":"open","ping_status":"closed","template":"","meta":{"footnotes":""},"class_list":["post-16","page","type-page","status-publish","hentry"],"aioseo_notices":[],"_links":{"self":[{"href":"https:\/\/mallol.com.ar\/home\/wp-json\/wp\/v2\/pages\/16","targetHints":{"allow":["GET"]}}],"collection":[{"href":"https:\/\/mallol.com.ar\/home\/wp-json\/wp\/v2\/pages"}],"about":[{"href":"https:\/\/mallol.com.ar\/home\/wp-json\/wp\/v2\/types\/page"}],"author":[{"embeddable":true,"href":"https:\/\/mallol.com.ar\/home\/wp-json\/wp\/v2\/users\/1"}],"replies":[{"embeddable":true,"href":"https:\/\/mallol.com.ar\/home\/wp-json\/wp\/v2\/comments?post=16"}],"version-history":[{"count":11,"href":"https:\/\/mallol.com.ar\/home\/wp-json\/wp\/v2\/pages\/16\/revisions"}],"predecessor-version":[{"id":57,"href":"https:\/\/mallol.com.ar\/home\/wp-json\/wp\/v2\/pages\/16\/revisions\/57"}],"up":[{"embeddable":true,"href":"https:\/\/mallol.com.ar\/home\/wp-json\/wp\/v2\/pages\/14"}],"wp:attachment":[{"href":"https:\/\/mallol.com.ar\/home\/wp-json\/wp\/v2\/media?parent=16"}],"curies":[{"name":"wp","href":"https:\/\/api.w.org\/{rel}","templated":true}]}}