{"id":12,"date":"2012-03-19T16:43:45","date_gmt":"2012-03-19T16:43:45","guid":{"rendered":"http:\/\/mallol.com.ar\/home\/?page_id=12"},"modified":"2012-05-07T17:22:35","modified_gmt":"2012-05-07T17:22:35","slug":"politicas-de-la-calidad","status":"publish","type":"page","link":"https:\/\/mallol.com.ar\/home\/politicas-de-la-calidad\/","title":{"rendered":"Pol\u00edticas de la calidad"},"content":{"rendered":"<table width=\"433\" border=\"0\" cellspacing=\"0\" cellpadding=\"0\">\n<tbody>\n<tr>\n<td><a href=\"https:\/\/mallol.com.ar\/home\/wp-content\/uploads\/2012\/03\/tilde.png\"><br \/>\n<img loading=\"lazy\" decoding=\"async\" class=\"alignleft size-full wp-image-170\" style=\"border-style: initial; border-color: initial; border-image: initial; border-width: 0px; margin: 0px;\" title=\"tilde\" src=\"https:\/\/mallol.com.ar\/home\/wp-content\/uploads\/2012\/03\/tilde.png\" alt=\"\" width=\"7\" height=\"11\" \/><\/a>\u00a0Lograr el total cumplimiento de los requisitos impuestos por nuestros clientes.<\/p>\n<p><a href=\"https:\/\/mallol.com.ar\/home\/wp-content\/uploads\/2012\/03\/tilde.png\"><img loading=\"lazy\" decoding=\"async\" style=\"border-style: initial; border-color: initial; border-image: initial; border-width: 0px; margin: 0px;\" title=\"tilde\" src=\"https:\/\/mallol.com.ar\/home\/wp-content\/uploads\/2012\/03\/tilde.png\" alt=\"\" width=\"7\" height=\"11\" \/><\/a>\u00a0Asegurar la satisfacci\u00f3n de nuestros clientes manteniendo una estrecha<br \/>\ncomunicaci\u00f3n y analizando sus expectativas.<\/p>\n<p><a href=\"https:\/\/mallol.com.ar\/home\/wp-content\/uploads\/2012\/03\/tilde.png\"><img loading=\"lazy\" decoding=\"async\" style=\"border-style: initial; border-color: initial; border-image: initial; border-width: 0px; margin: 0px;\" title=\"tilde\" src=\"https:\/\/mallol.com.ar\/home\/wp-content\/uploads\/2012\/03\/tilde.png\" alt=\"\" width=\"7\" height=\"11\" \/><\/a>\u00a0Promover una constante actualizaci\u00f3n t\u00e9cnica y operativa, incorporando<br \/>\ny desarrollando nuevas tecnolog\u00edas para asegurar la mejora continua de<br \/>\nlos procesos.<\/p>\n<p><img loading=\"lazy\" decoding=\"async\" style=\"border-style: initial; border-color: initial; border-image: initial; border-width: 0px; margin: 0px;\" title=\"tilde\" src=\"https:\/\/mallol.com.ar\/home\/wp-content\/uploads\/2012\/03\/tilde.png\" alt=\"\" width=\"7\" height=\"11\" \/>\u00a0Fomentar la capacitaci\u00f3n de nuestro personal generando una conciencia<br \/>\nsobre la calidad y la importancia de su trabajo en el logro de los objetivos.<\/td>\n<\/tr>\n<\/tbody>\n<\/table>\n","protected":false},"excerpt":{"rendered":"<p>\u00a0Lograr el total cumplimiento de los requisitos impuestos por nuestros clientes. \u00a0Asegurar la satisfacci\u00f3n de nuestros clientes manteniendo una estrecha comunicaci\u00f3n y analizando sus expectativas. \u00a0Promover una constante actualizaci\u00f3n t\u00e9cnica y operativa, incorporando y desarrollando nuevas tecnolog\u00edas para asegurar la mejora continua de los procesos. \u00a0Fomentar la capacitaci\u00f3n de nuestro personal generando una conciencia sobre [&hellip;]<\/p>\n","protected":false},"author":1,"featured_media":0,"parent":0,"menu_order":1,"comment_status":"open","ping_status":"open","template":"","meta":{"footnotes":""},"class_list":["post-12","page","type-page","status-publish","hentry"],"aioseo_notices":[],"_links":{"self":[{"href":"https:\/\/mallol.com.ar\/home\/wp-json\/wp\/v2\/pages\/12","targetHints":{"allow":["GET"]}}],"collection":[{"href":"https:\/\/mallol.com.ar\/home\/wp-json\/wp\/v2\/pages"}],"about":[{"href":"https:\/\/mallol.com.ar\/home\/wp-json\/wp\/v2\/types\/page"}],"author":[{"embeddable":true,"href":"https:\/\/mallol.com.ar\/home\/wp-json\/wp\/v2\/users\/1"}],"replies":[{"embeddable":true,"href":"https:\/\/mallol.com.ar\/home\/wp-json\/wp\/v2\/comments?post=12"}],"version-history":[{"count":35,"href":"https:\/\/mallol.com.ar\/home\/wp-json\/wp\/v2\/pages\/12\/revisions"}],"predecessor-version":[{"id":51,"href":"https:\/\/mallol.com.ar\/home\/wp-json\/wp\/v2\/pages\/12\/revisions\/51"}],"wp:attachment":[{"href":"https:\/\/mallol.com.ar\/home\/wp-json\/wp\/v2\/media?parent=12"}],"curies":[{"name":"wp","href":"https:\/\/api.w.org\/{rel}","templated":true}]}}